{"id":958,"date":"2020-05-27T20:09:15","date_gmt":"2020-05-27T18:09:15","guid":{"rendered":"https:\/\/laszlo1713.lima-city.de\/?page_id=958"},"modified":"2020-06-01T10:24:39","modified_gmt":"2020-06-01T08:24:39","slug":"skull-bones","status":"publish","type":"page","link":"https:\/\/laszlo1713.lima-city.de\/index.php\/skull-bones\/","title":{"rendered":"Skull &#038; Bones"},"content":{"rendered":"\n<figure class=\"wp-block-image size-large\"><img loading=\"lazy\" decoding=\"async\" width=\"768\" height=\"1024\" src=\"https:\/\/laszlo1713.lima-city.de\/wp-content\/uploads\/2020\/05\/IMG_0734-768x1024.jpeg\" alt=\"\" class=\"wp-image-961\" srcset=\"https:\/\/laszlo1713.lima-city.de\/wp-content\/uploads\/2020\/05\/IMG_0734-768x1024.jpeg 768w, https:\/\/laszlo1713.lima-city.de\/wp-content\/uploads\/2020\/05\/IMG_0734-225x300.jpeg 225w, https:\/\/laszlo1713.lima-city.de\/wp-content\/uploads\/2020\/05\/IMG_0734-1152x1536.jpeg 1152w, https:\/\/laszlo1713.lima-city.de\/wp-content\/uploads\/2020\/05\/IMG_0734-1536x2048.jpeg 1536w, https:\/\/laszlo1713.lima-city.de\/wp-content\/uploads\/2020\/05\/IMG_0734-scaled.jpeg 1920w\" sizes=\"auto, (max-width: 706px) 89vw, (max-width: 767px) 82vw, 740px\" \/><figcaption>Andreas von R\u00e9tyi k\u00f6nyvet \u00edrt err\u0151l a titkos szervezetr\u0151l<\/figcaption><\/figure>\n\n\n\n<p>&#8220;Stellen Sie sich vor, jemand kommt eines sch\u00f6n d\u00fcsteren Tages auf Sie zu, klopft Ihnen auf die Schulter und fragt, ob Sie sich der verborgensten und elit\u00e4rsten Geheimgesellschaft anschlie\u00dfen wollen, die auf diesem Globus existiert: \u00b4Skull and Bones, akzeptierst Du, ja oder nein?\u00b4- Wie w\u00fcrden Sie entscheiden? Nun, die allerwenigsten k\u00f6nnen dem Reiz dieses Angebots entziehen, sie nehmen die Wahl an. Die Chancen, erw\u00e4hlt zu werden, sind ohnehin winzig. Wer hier aber hinein gelangt, dem stehen die T\u00fcren zur Welt offen. Macht und Geld, kaum jemand, der sich nicht danach sehnt! Doch es ist ein Pakt mit dem Teufel.&#8221; &#8211; kezdi st\u00edlszer\u0171en a szerz\u0151 a titkos t\u00e1rsas\u00e1g h\u00e1tborzongat\u00f3 t\u00f6rt\u00e9net\u00e9t. <\/p>\n\n\n\n<p>A k\u00f6nyv utols\u00f3 fejezete, Agenten des Satans, mintegy \u00f6sszefoglalja mindazt, amit tudhatunk err\u0151l a szervezetr\u0151l. Ezt \u00edrja R\u00e9tyi Andr\u00e1s t\u00f6bbek k\u00f6z\u00f6tt: &#8220;Die Macht-Elite ist fein verwoben, das zeigt sich wiederholt. Und sie ist sehr aktiv. Ende Juli war es wieder soweit, das \u00b4man\u00b4hinausfuhr in die Abgeschiedenheit des Bohemian Grove, um dort sein geheimes Sommerfest zu feiern. (&#8230;) Und man sprach im Hain auch \u00fcber die bevorstehende US-Pr\u00e4sidentschaftswahl f\u00fcr November 2004 &#8211; ein Heimspiel von \u00b4Ordensleuten\u00b4: Senator John Kerry, Bonesman von 1968, gegen George W. Bush, Bonesman von 1968. Kriegspr\u00e4sidenten unter sich? Agenten des Satans? Die Riten im Tomb und die verbrecherischen Aktionen einer Agenda, die sich alles erlauben kann, sprechen diesbez\u00fcglich deutliche Worte. Und nicht nur sie, auch die kriegerische Philosophie, wie sie George W. Bush mehr als jeder andere US-Pr\u00e4sident an den Tag gelegt hat. Sein drastisches Auftreten und Agieren offenbart selbst dem unbedarftesten Beobachter, wie menschenverachtend und arrogant die Gesellschaft ist, aus der auch seine Wurzeln ihren Saft beziehen. Und es soll noch extremer werden.&#8221;<\/p>\n\n\n\n<p>Nos, 2004 \u00f3ta m\u00e9g sz\u00e9ls\u0151s\u00e9gesebb lett minden, eg\u00e9szen napjainkig, amikor a &#8220;korona&#8221;-\u0151r\u00fcletben ez az eg\u00e9sz vil\u00e1got beh\u00e1l\u00f3z\u00f3, \u00f6rd\u00f6gi attributum egyfajta hal\u00e1lt\u00e1ncban a szem\u00fcnk el\u0151tt semmis\u00fcl meg. Ha ez bek\u00f6vetkezik, az illumin\u00e1tus (k\u00f6zt\u00fck kiemelt helyen a Skull &amp; Bones) s\u00e1t\u00e1ni er\u0151k vil\u00e1got k\u00f6zvetlen\u00fcl befoly\u00e1sol\u00f3 hat\u00e1sa megsz\u0171nik, lez\u00e1rult t\u00f6rt\u00e9net lesz bel\u0151le. \u00dagy legyen!<\/p>\n\n\n\n<p>Addig is megpr\u00f3b\u00e1lj\u00e1k a szabadk\u0151m\u0171ves\/illumin\u00e1tus (s\u00e1t\u00e1ni) er\u0151ket teljesen \u00e1rtalmatlannak felt\u0171ntetni. <\/p>\n\n\n\n<p><strong>Are masons the elite?<\/strong> (by Kevin Noel Olson)<\/p>\n\n\n\n<p><em>The Masons are not a group of elites. Many Freemasons, I\u00b4d guess the majority, are average Joes just trying to make it through life and be dedicated to the idea of a better world. Freemansory offers nothing that is not already inside every human being. It does offer tools to aid in the search for those treasures that can only be experienced on a personal level. Without the ability of the seeker to do their own work, it will ever be beyond their grasp.<\/em><\/p>\n\n\n\n<p>Mit lehet ehhez mondani? S\u00fcket duma? Tal\u00e1n azzal kellene a szerz\u0151nek foglalkoznia, hogy a szabadk\u0151m\u0171vess\u00e9g  a &#8220;gonosz&#8221; szolg\u00e1lat\u00e1ban \u00e1ll-e. Az, hogy elit-e vagy sem, l\u00e9nyeg\u00e9ben \u00e9rdektelen. Egy\u00e9bk\u00e9nt m\u00e1r az els\u0151 mondat meg\u00e1llap\u00edt\u00e1sa helytelen. Arra lenn\u00e9k csak kiv\u00e1ncsi, ki is ez a szerz\u0151 val\u00f3j\u00e1ban, hogy amit \u00edr, vagy  tudatlans\u00e1gnak (h\u00fclyes\u00e9gnek) vagy pedig sz\u00e1nd\u00e9kos ferd\u00edt\u00e9snek (egyfajta aljass\u00e1gnak, &#8220;fake news&#8221;) tekintsem.<\/p>\n\n\n\n<hr class=\"wp-block-separator\"\/>\n\n\n\n<p><\/p>\n","protected":false},"excerpt":{"rendered":"<p>&#8220;Stellen Sie sich vor, jemand kommt eines sch\u00f6n d\u00fcsteren Tages auf Sie zu, klopft Ihnen auf die Schulter und fragt, ob Sie sich der verborgensten und elit\u00e4rsten Geheimgesellschaft anschlie\u00dfen wollen, die auf diesem Globus existiert: \u00b4Skull and Bones, akzeptierst Du, ja oder nein?\u00b4- Wie w\u00fcrden Sie entscheiden? Nun, die allerwenigsten k\u00f6nnen dem Reiz dieses Angebots &hellip; <\/p>\n<p class=\"link-more\"><a href=\"https:\/\/laszlo1713.lima-city.de\/index.php\/skull-bones\/\" class=\"more-link\">Continue reading<span class=\"screen-reader-text\"> &#8220;Skull &#038; Bones&#8221;<\/span><\/a><\/p>\n","protected":false},"author":1,"featured_media":0,"parent":0,"menu_order":0,"comment_status":"closed","ping_status":"closed","template":"","meta":{"footnotes":""},"class_list":["post-958","page","type-page","status-publish","hentry"],"_links":{"self":[{"href":"https:\/\/laszlo1713.lima-city.de\/index.php\/wp-json\/wp\/v2\/pages\/958","targetHints":{"allow":["GET"]}}],"collection":[{"href":"https:\/\/laszlo1713.lima-city.de\/index.php\/wp-json\/wp\/v2\/pages"}],"about":[{"href":"https:\/\/laszlo1713.lima-city.de\/index.php\/wp-json\/wp\/v2\/types\/page"}],"author":[{"embeddable":true,"href":"https:\/\/laszlo1713.lima-city.de\/index.php\/wp-json\/wp\/v2\/users\/1"}],"replies":[{"embeddable":true,"href":"https:\/\/laszlo1713.lima-city.de\/index.php\/wp-json\/wp\/v2\/comments?post=958"}],"version-history":[{"count":5,"href":"https:\/\/laszlo1713.lima-city.de\/index.php\/wp-json\/wp\/v2\/pages\/958\/revisions"}],"predecessor-version":[{"id":1033,"href":"https:\/\/laszlo1713.lima-city.de\/index.php\/wp-json\/wp\/v2\/pages\/958\/revisions\/1033"}],"wp:attachment":[{"href":"https:\/\/laszlo1713.lima-city.de\/index.php\/wp-json\/wp\/v2\/media?parent=958"}],"curies":[{"name":"wp","href":"https:\/\/api.w.org\/{rel}","templated":true}]}}