{"id":5730,"date":"2022-01-09T10:53:27","date_gmt":"2022-01-09T09:53:27","guid":{"rendered":"https:\/\/laszlo1713.lima-city.de\/?page_id=5730"},"modified":"2022-01-11T21:05:44","modified_gmt":"2022-01-11T20:05:44","slug":"lapszemle-xix","status":"publish","type":"page","link":"https:\/\/laszlo1713.lima-city.de\/index.php\/lapszemle-xix\/","title":{"rendered":"Lapszemle XIX."},"content":{"rendered":"\n<figure class=\"wp-block-image size-full\"><img loading=\"lazy\" decoding=\"async\" width=\"820\" height=\"830\" src=\"https:\/\/laszlo1713.lima-city.de\/wp-content\/uploads\/2022\/01\/IMAGE-2022-01-09-115540.jpg\" alt=\"\" class=\"wp-image-5740\" srcset=\"https:\/\/laszlo1713.lima-city.de\/wp-content\/uploads\/2022\/01\/IMAGE-2022-01-09-115540.jpg 820w, https:\/\/laszlo1713.lima-city.de\/wp-content\/uploads\/2022\/01\/IMAGE-2022-01-09-115540-296x300.jpg 296w, https:\/\/laszlo1713.lima-city.de\/wp-content\/uploads\/2022\/01\/IMAGE-2022-01-09-115540-768x777.jpg 768w, https:\/\/laszlo1713.lima-city.de\/wp-content\/uploads\/2022\/01\/IMAGE-2022-01-09-115540-100x100.jpg 100w\" sizes=\"auto, (max-width: 706px) 89vw, (max-width: 767px) 82vw, 740px\" \/><figcaption>\u2757\ufe0f<strong>Wir m\u00fcssen gar nichts mehr<\/strong><br><\/figcaption><\/figure>\n\n\n\n<figure class=\"wp-block-image size-large\"><img loading=\"lazy\" decoding=\"async\" width=\"1024\" height=\"581\" src=\"https:\/\/laszlo1713.lima-city.de\/wp-content\/uploads\/2022\/01\/Screenshot-2022-01-09-at-11.54.36-1024x581.jpg\" alt=\"\" class=\"wp-image-5741\" srcset=\"https:\/\/laszlo1713.lima-city.de\/wp-content\/uploads\/2022\/01\/Screenshot-2022-01-09-at-11.54.36-1024x581.jpg 1024w, https:\/\/laszlo1713.lima-city.de\/wp-content\/uploads\/2022\/01\/Screenshot-2022-01-09-at-11.54.36-300x170.jpg 300w, https:\/\/laszlo1713.lima-city.de\/wp-content\/uploads\/2022\/01\/Screenshot-2022-01-09-at-11.54.36-768x436.jpg 768w, https:\/\/laszlo1713.lima-city.de\/wp-content\/uploads\/2022\/01\/Screenshot-2022-01-09-at-11.54.36-1536x872.jpg 1536w, https:\/\/laszlo1713.lima-city.de\/wp-content\/uploads\/2022\/01\/Screenshot-2022-01-09-at-11.54.36-2048x1162.jpg 2048w\" sizes=\"auto, (max-width: 706px) 89vw, (max-width: 767px) 82vw, 740px\" \/><figcaption>Wien, 2022 janu\u00e1r<\/figcaption><\/figure>\n\n\n\n<hr class=\"wp-block-separator\"\/>\n\n\n\n<figure class=\"wp-block-image size-large\"><img loading=\"lazy\" decoding=\"async\" width=\"779\" height=\"1024\" src=\"https:\/\/laszlo1713.lima-city.de\/wp-content\/uploads\/2022\/01\/Screenshot-2022-01-09-at-13.10.41-779x1024.jpg\" alt=\"\" class=\"wp-image-5747\" srcset=\"https:\/\/laszlo1713.lima-city.de\/wp-content\/uploads\/2022\/01\/Screenshot-2022-01-09-at-13.10.41-779x1024.jpg 779w, https:\/\/laszlo1713.lima-city.de\/wp-content\/uploads\/2022\/01\/Screenshot-2022-01-09-at-13.10.41-228x300.jpg 228w, https:\/\/laszlo1713.lima-city.de\/wp-content\/uploads\/2022\/01\/Screenshot-2022-01-09-at-13.10.41-768x1009.jpg 768w, https:\/\/laszlo1713.lima-city.de\/wp-content\/uploads\/2022\/01\/Screenshot-2022-01-09-at-13.10.41-1169x1536.jpg 1169w, https:\/\/laszlo1713.lima-city.de\/wp-content\/uploads\/2022\/01\/Screenshot-2022-01-09-at-13.10.41.jpg 1336w\" sizes=\"auto, (max-width: 706px) 89vw, (max-width: 767px) 82vw, 740px\" \/><figcaption><span class=\"has-inline-color has-vivid-green-cyan-color\">Az orvosok kezdenek \u00e9bredezni. Vagy megijedtek a k\u00f6vetkezm\u00e9nyekt\u0151l? <\/span><\/figcaption><\/figure>\n\n\n\n<hr class=\"wp-block-separator\"\/>\n\n\n\n<div data-wp-interactive=\"core\/file\" class=\"wp-block-file\"><object data-wp-bind--hidden=\"!state.hasPdfPreview\" hidden class=\"wp-block-file__embed\" data=\"https:\/\/laszlo1713.lima-city.de\/wp-content\/uploads\/2022\/01\/Rechtsgutachten_RAin_Bahner_Strafbarkeit_nach_95_AMG_durch_Impfung.pdf\" type=\"application\/pdf\" style=\"width:100%;height:600px\" aria-label=\"Embed of Embed of Rechtsgutachten_RAin_Bahner_Strafbarkeit_nach_95_AMG_durch_Impfung..\"><\/object><a href=\"https:\/\/laszlo1713.lima-city.de\/wp-content\/uploads\/2022\/01\/Rechtsgutachten_RAin_Bahner_Strafbarkeit_nach_95_AMG_durch_Impfung.pdf\">Rechtsgutachten_RAin_Bahner_Strafbarkeit_nach_95_AMG_durch_Impfung<\/a><a href=\"https:\/\/laszlo1713.lima-city.de\/wp-content\/uploads\/2022\/01\/Rechtsgutachten_RAin_Bahner_Strafbarkeit_nach_95_AMG_durch_Impfung.pdf\" class=\"wp-block-file__button\" download>Download<\/a><\/div>\n\n\n\n<figure class=\"wp-block-image size-large\"><img loading=\"lazy\" decoding=\"async\" width=\"1024\" height=\"720\" src=\"https:\/\/laszlo1713.lima-city.de\/wp-content\/uploads\/2022\/01\/IMAGE-2022-01-09-135352-1024x720.jpg\" alt=\"\" class=\"wp-image-5750\" srcset=\"https:\/\/laszlo1713.lima-city.de\/wp-content\/uploads\/2022\/01\/IMAGE-2022-01-09-135352-1024x720.jpg 1024w, https:\/\/laszlo1713.lima-city.de\/wp-content\/uploads\/2022\/01\/IMAGE-2022-01-09-135352-300x211.jpg 300w, https:\/\/laszlo1713.lima-city.de\/wp-content\/uploads\/2022\/01\/IMAGE-2022-01-09-135352-768x540.jpg 768w, https:\/\/laszlo1713.lima-city.de\/wp-content\/uploads\/2022\/01\/IMAGE-2022-01-09-135352.jpg 1125w\" sizes=\"auto, (max-width: 706px) 89vw, (max-width: 767px) 82vw, 740px\" \/><figcaption><span class=\"has-inline-color has-vivid-green-cyan-color\">Pontosan \u00edgy van.<\/span>  <span class=\"has-inline-color has-vivid-green-cyan-color\">A baj igaz\u00e1n (csak?)  az, hogy m\u0171k\u00f6dik (m\u0171k\u00f6dni l\u00e1tszik) a dolog.<\/span><\/figcaption><\/figure>\n\n\n\n<hr class=\"wp-block-separator\"\/>\n\n\n\n<figure class=\"wp-block-image size-full\"><img loading=\"lazy\" decoding=\"async\" width=\"840\" height=\"720\" src=\"https:\/\/laszlo1713.lima-city.de\/wp-content\/uploads\/2022\/01\/Screenshot-2022-01-09-at-17.19.36.jpg\" alt=\"\" class=\"wp-image-5754\" srcset=\"https:\/\/laszlo1713.lima-city.de\/wp-content\/uploads\/2022\/01\/Screenshot-2022-01-09-at-17.19.36.jpg 840w, https:\/\/laszlo1713.lima-city.de\/wp-content\/uploads\/2022\/01\/Screenshot-2022-01-09-at-17.19.36-300x257.jpg 300w, https:\/\/laszlo1713.lima-city.de\/wp-content\/uploads\/2022\/01\/Screenshot-2022-01-09-at-17.19.36-768x658.jpg 768w\" sizes=\"auto, (max-width: 706px) 89vw, (max-width: 767px) 82vw, 740px\" \/><figcaption>And does he look healthy or more like the devil. Ask yourself.<br><span class=\"has-inline-color has-vivid-green-cyan-color\">Az \u00fajdons\u00fclt &#8220;lovag&#8221; sz\u00e9ps\u00e9ghib\u00e1val: az \u00f6rd\u00f6g\u00e9.<\/span><\/figcaption><\/figure>\n\n\n\n<hr class=\"wp-block-separator\"\/>\n\n\n\n<p><span class=\"has-inline-color has-vivid-green-cyan-color\">&#8220;Narancs&#8221;-szimbolika<\/span> <\/p>\n\n\n\n<figure class=\"wp-block-image size-large\"><img loading=\"lazy\" decoding=\"async\" width=\"664\" height=\"1024\" src=\"https:\/\/laszlo1713.lima-city.de\/wp-content\/uploads\/2022\/01\/Screenshot-2022-01-10-at-08.51.19-664x1024.jpg\" alt=\"\" class=\"wp-image-5762\" srcset=\"https:\/\/laszlo1713.lima-city.de\/wp-content\/uploads\/2022\/01\/Screenshot-2022-01-10-at-08.51.19-664x1024.jpg 664w, https:\/\/laszlo1713.lima-city.de\/wp-content\/uploads\/2022\/01\/Screenshot-2022-01-10-at-08.51.19-195x300.jpg 195w, https:\/\/laszlo1713.lima-city.de\/wp-content\/uploads\/2022\/01\/Screenshot-2022-01-10-at-08.51.19.jpg 738w\" sizes=\"auto, (max-width: 664px) 100vw, 664px\" \/><figcaption><em>Oranges appear whenever death is in the air<\/em> <br><\/figcaption><\/figure>\n\n\n\n<p><span class=\"has-inline-color has-vivid-green-cyan-color\"><strong>Konnot\u00e1ci\u00f3k<\/strong>: Stanley Kubrick? A Clockwork Orange?  Ukrajna? az \u00fan. narancs-forradalom? (Orange Revolution) vagy ak\u00e1r GITMO?<\/span> <span class=\"has-inline-color has-vivid-green-cyan-color\">vagy m\u00e9g mi minden?<\/span> <span class=\"has-inline-color has-vivid-green-cyan-color\">&#8230;<\/span><\/p>\n\n\n\n<hr class=\"wp-block-separator\"\/>\n\n\n\n<figure class=\"wp-block-image size-full\"><img loading=\"lazy\" decoding=\"async\" width=\"616\" height=\"770\" src=\"https:\/\/laszlo1713.lima-city.de\/wp-content\/uploads\/2022\/01\/Screenshot-2022-01-10-at-08.47.58.jpg\" alt=\"\" class=\"wp-image-5763\" srcset=\"https:\/\/laszlo1713.lima-city.de\/wp-content\/uploads\/2022\/01\/Screenshot-2022-01-10-at-08.47.58.jpg 616w, https:\/\/laszlo1713.lima-city.de\/wp-content\/uploads\/2022\/01\/Screenshot-2022-01-10-at-08.47.58-240x300.jpg 240w\" sizes=\"auto, (max-width: 616px) 100vw, 616px\" \/><\/figure>\n\n\n\n<hr class=\"wp-block-separator\"\/>\n\n\n\n<figure class=\"wp-block-image size-large\"><img loading=\"lazy\" decoding=\"async\" width=\"1024\" height=\"905\" src=\"https:\/\/laszlo1713.lima-city.de\/wp-content\/uploads\/2022\/01\/Screenshot-2022-01-10-at-10.13.10-1024x905.jpg\" alt=\"\" class=\"wp-image-5765\" srcset=\"https:\/\/laszlo1713.lima-city.de\/wp-content\/uploads\/2022\/01\/Screenshot-2022-01-10-at-10.13.10-1024x905.jpg 1024w, https:\/\/laszlo1713.lima-city.de\/wp-content\/uploads\/2022\/01\/Screenshot-2022-01-10-at-10.13.10-300x265.jpg 300w, https:\/\/laszlo1713.lima-city.de\/wp-content\/uploads\/2022\/01\/Screenshot-2022-01-10-at-10.13.10-768x679.jpg 768w, https:\/\/laszlo1713.lima-city.de\/wp-content\/uploads\/2022\/01\/Screenshot-2022-01-10-at-10.13.10-1536x1357.jpg 1536w, https:\/\/laszlo1713.lima-city.de\/wp-content\/uploads\/2022\/01\/Screenshot-2022-01-10-at-10.13.10.jpg 1562w\" sizes=\"auto, (max-width: 706px) 89vw, (max-width: 767px) 82vw, 740px\" \/><figcaption>Dr. Robert Malone, ein Virologe und Immunologe, der ma\u00dfgeblich zur Technologie der mRNA-Impfstoffe beigetragen hat, warnt eindringlich alle, die ihre Kinder gegen COVID-19 impfen lassen wollen.<br>\u201eDenken Sie zweimal nach, bevor Sie Ihre Kinder impfen lassen. Denn wenn etwas Schlimmes passiert, kann man nicht zur\u00fcckgehen und sagen: \u201aHoppla, ich will es noch einmal machen&#8217;\u201c, sagte Malone in einem Interview mit dem Programm \u201eAmerican Thought Leaders\u201c von EpochTV, dessen erster Teil am Sonntag ausgestrahlt wurde.<br>Er sagte auch: \u201eEs ist klar, dass Eltern es sich zweimal \u00fcberlegen sollten, ob sie ihr Kind impfen lassen\u201c, und f\u00fcgte hinzu, dass schwerwiegende unerw\u00fcnschte Ereignisse auftreten k\u00f6nnen, die \u201eso schwerwiegend sein k\u00f6nnen, dass Ihr Kind im Krankenhaus landet\u201c. Was die Herzmuskelentz\u00fcndung (Myokarditis) anbelangt, so stellte Malone fest, dass \u201edie Wahrscheinlichkeit gro\u00df ist, dass Ihr Kind, wenn es geimpft wird, keine Sch\u00e4den davontr\u00e4gt und keine klinischen Symptome zeigt \u2013 aber es kann subklinische Sch\u00e4den haben\u201c.<br>\u201eAber die Frage ist, ob Sie dieses Risiko f\u00fcr Ihr Kind eingehen wollen. Denn wenn Sie den kurzen Strohhalm ziehen und Ihr Kind gesch\u00e4digt wurde, sind die meisten, wenn nicht alle dieser Sch\u00e4den irreversibel. Es gibt keine M\u00f6glichkeit, sie zu beheben\u201c, sagte er. (&#8230;)<\/figcaption><\/figure>\n\n\n\n<hr class=\"wp-block-separator\"\/>\n\n\n\n<figure class=\"wp-block-image size-large\"><img loading=\"lazy\" decoding=\"async\" width=\"1024\" height=\"613\" src=\"https:\/\/laszlo1713.lima-city.de\/wp-content\/uploads\/2022\/01\/IMAGE-2022-01-10-125127-1024x613.jpg\" alt=\"\" class=\"wp-image-5770\" srcset=\"https:\/\/laszlo1713.lima-city.de\/wp-content\/uploads\/2022\/01\/IMAGE-2022-01-10-125127-1024x613.jpg 1024w, https:\/\/laszlo1713.lima-city.de\/wp-content\/uploads\/2022\/01\/IMAGE-2022-01-10-125127-300x180.jpg 300w, https:\/\/laszlo1713.lima-city.de\/wp-content\/uploads\/2022\/01\/IMAGE-2022-01-10-125127-768x460.jpg 768w, https:\/\/laszlo1713.lima-city.de\/wp-content\/uploads\/2022\/01\/IMAGE-2022-01-10-125127.jpg 1280w\" sizes=\"auto, (max-width: 706px) 89vw, (max-width: 767px) 82vw, 740px\" \/><figcaption><span class=\"has-inline-color has-vivid-green-cyan-color\">V\u00e9letlen. V\u00e9letlen? Spekul\u00e1ci\u00f3. Spekul\u00e1ci\u00f3? Az ir\u00e1ny? Stimmel.<\/span>  <span class=\"has-inline-color has-vivid-green-cyan-color\">De akkor, mit is jelent ez az eg\u00e9sz?<\/span><\/figcaption><\/figure>\n\n\n\n<hr class=\"wp-block-separator\"\/>\n\n\n\n<figure class=\"wp-block-image size-full\"><img loading=\"lazy\" decoding=\"async\" width=\"960\" height=\"960\" src=\"https:\/\/laszlo1713.lima-city.de\/wp-content\/uploads\/2022\/01\/IMAGE-2022-01-10-130322.jpg\" alt=\"\" class=\"wp-image-5775\" srcset=\"https:\/\/laszlo1713.lima-city.de\/wp-content\/uploads\/2022\/01\/IMAGE-2022-01-10-130322.jpg 960w, https:\/\/laszlo1713.lima-city.de\/wp-content\/uploads\/2022\/01\/IMAGE-2022-01-10-130322-300x300.jpg 300w, https:\/\/laszlo1713.lima-city.de\/wp-content\/uploads\/2022\/01\/IMAGE-2022-01-10-130322-150x150.jpg 150w, https:\/\/laszlo1713.lima-city.de\/wp-content\/uploads\/2022\/01\/IMAGE-2022-01-10-130322-768x768.jpg 768w, https:\/\/laszlo1713.lima-city.de\/wp-content\/uploads\/2022\/01\/IMAGE-2022-01-10-130322-100x100.jpg 100w\" sizes=\"auto, (max-width: 706px) 89vw, (max-width: 767px) 82vw, 740px\" \/><figcaption><strong>CORONAVIRUS <\/strong>&#8230;&nbsp;<br>Bei Asterix &amp; Obelix.<br><\/figcaption><\/figure>\n\n\n\n<hr class=\"wp-block-separator\"\/>\n\n\n\n<figure class=\"wp-block-image size-large\"><img loading=\"lazy\" decoding=\"async\" width=\"609\" height=\"1024\" src=\"https:\/\/laszlo1713.lima-city.de\/wp-content\/uploads\/2022\/01\/IMAGE-2022-01-10-124317-609x1024.jpg\" alt=\"\" class=\"wp-image-5772\" srcset=\"https:\/\/laszlo1713.lima-city.de\/wp-content\/uploads\/2022\/01\/IMAGE-2022-01-10-124317-609x1024.jpg 609w, https:\/\/laszlo1713.lima-city.de\/wp-content\/uploads\/2022\/01\/IMAGE-2022-01-10-124317-178x300.jpg 178w, https:\/\/laszlo1713.lima-city.de\/wp-content\/uploads\/2022\/01\/IMAGE-2022-01-10-124317.jpg 761w\" sizes=\"auto, (max-width: 609px) 100vw, 609px\" \/><figcaption><span class=\"has-inline-color has-vivid-green-cyan-color\">Csak egy csepp a tengerben (Traunstein Bajororsz\u00e1gban)<\/span><\/figcaption><\/figure>\n\n\n\n<hr class=\"wp-block-separator\"\/>\n\n\n\n<figure class=\"wp-block-image size-large\"><img loading=\"lazy\" decoding=\"async\" width=\"738\" height=\"1024\" src=\"https:\/\/laszlo1713.lima-city.de\/wp-content\/uploads\/2022\/01\/IMAGE-2022-01-10-183622-738x1024.jpg\" alt=\"\" class=\"wp-image-5778\" srcset=\"https:\/\/laszlo1713.lima-city.de\/wp-content\/uploads\/2022\/01\/IMAGE-2022-01-10-183622-738x1024.jpg 738w, https:\/\/laszlo1713.lima-city.de\/wp-content\/uploads\/2022\/01\/IMAGE-2022-01-10-183622-216x300.jpg 216w, https:\/\/laszlo1713.lima-city.de\/wp-content\/uploads\/2022\/01\/IMAGE-2022-01-10-183622-768x1065.jpg 768w, https:\/\/laszlo1713.lima-city.de\/wp-content\/uploads\/2022\/01\/IMAGE-2022-01-10-183622.jpg 850w\" sizes=\"auto, (max-width: 738px) 100vw, 738px\" \/><figcaption>The Illuminati card game created in 1982.<\/figcaption><\/figure>\n\n\n\n<hr class=\"wp-block-separator\"\/>\n\n\n\n<figure class=\"wp-block-image size-full is-resized\"><img loading=\"lazy\" decoding=\"async\" src=\"https:\/\/laszlo1713.lima-city.de\/wp-content\/uploads\/2022\/01\/IMAGE-2022-01-10-185753.jpg\" alt=\"\" class=\"wp-image-5780\" width=\"674\" height=\"649\" srcset=\"https:\/\/laszlo1713.lima-city.de\/wp-content\/uploads\/2022\/01\/IMAGE-2022-01-10-185753.jpg 800w, https:\/\/laszlo1713.lima-city.de\/wp-content\/uploads\/2022\/01\/IMAGE-2022-01-10-185753-300x289.jpg 300w, https:\/\/laszlo1713.lima-city.de\/wp-content\/uploads\/2022\/01\/IMAGE-2022-01-10-185753-768x740.jpg 768w\" sizes=\"auto, (max-width: 674px) 100vw, 674px\" \/><figcaption><span class=\"has-inline-color has-vivid-green-cyan-color\">Akik m\u00e1r &#8220;nincsenek&#8221; vagy hamarosan &#8220;nem lesznek&#8221;. <\/span> <span class=\"has-inline-color has-vivid-green-cyan-color\">Pedofilok alkonya.<\/span><\/figcaption><\/figure>\n\n\n\n<hr class=\"wp-block-separator\"\/>\n\n\n\n<figure class=\"wp-block-image size-full\"><img loading=\"lazy\" decoding=\"async\" width=\"680\" height=\"676\" src=\"https:\/\/laszlo1713.lima-city.de\/wp-content\/uploads\/2022\/01\/IMAGE-2022-01-10-190404.jpg\" alt=\"\" class=\"wp-image-5783\" srcset=\"https:\/\/laszlo1713.lima-city.de\/wp-content\/uploads\/2022\/01\/IMAGE-2022-01-10-190404.jpg 680w, https:\/\/laszlo1713.lima-city.de\/wp-content\/uploads\/2022\/01\/IMAGE-2022-01-10-190404-300x298.jpg 300w, https:\/\/laszlo1713.lima-city.de\/wp-content\/uploads\/2022\/01\/IMAGE-2022-01-10-190404-150x150.jpg 150w, https:\/\/laszlo1713.lima-city.de\/wp-content\/uploads\/2022\/01\/IMAGE-2022-01-10-190404-100x100.jpg 100w\" sizes=\"auto, (max-width: 680px) 100vw, 680px\" \/><\/figure>\n\n\n\n<hr class=\"wp-block-separator\"\/>\n\n\n\n<p><span class=\"has-inline-color has-vivid-green-cyan-color\">Egy (nagyon is) k\u00fcl\u00f6n\u00f6s Pfizer-szabadalom<\/span> <span class=\"has-inline-color has-vivid-green-cyan-color\">(bejegyezve: 2021. augusztus 31.)<\/span><\/p>\n\n\n\n<figure class=\"wp-block-image size-large\"><img loading=\"lazy\" decoding=\"async\" width=\"757\" height=\"1024\" src=\"https:\/\/laszlo1713.lima-city.de\/wp-content\/uploads\/2022\/01\/Screenshot-2022-01-11-at-08.29.03-1-757x1024.jpg\" alt=\"\" class=\"wp-image-5792\" srcset=\"https:\/\/laszlo1713.lima-city.de\/wp-content\/uploads\/2022\/01\/Screenshot-2022-01-11-at-08.29.03-1-757x1024.jpg 757w, https:\/\/laszlo1713.lima-city.de\/wp-content\/uploads\/2022\/01\/Screenshot-2022-01-11-at-08.29.03-1-222x300.jpg 222w, https:\/\/laszlo1713.lima-city.de\/wp-content\/uploads\/2022\/01\/Screenshot-2022-01-11-at-08.29.03-1-768x1039.jpg 768w, https:\/\/laszlo1713.lima-city.de\/wp-content\/uploads\/2022\/01\/Screenshot-2022-01-11-at-08.29.03-1-1135x1536.jpg 1135w, https:\/\/laszlo1713.lima-city.de\/wp-content\/uploads\/2022\/01\/Screenshot-2022-01-11-at-08.29.03-1-1514x2048.jpg 1514w, https:\/\/laszlo1713.lima-city.de\/wp-content\/uploads\/2022\/01\/Screenshot-2022-01-11-at-08.29.03-1.jpg 1722w\" sizes=\"auto, (max-width: 706px) 89vw, (max-width: 767px) 82vw, 740px\" \/><figcaption>Dieser Pfizer-Patentantrag wurde am 31. August 2021 genehmigt. Und es ist das erste Patent, das in einer Liste von \u00fcber 18500 auftaucht, zum Zweck der Fernverfolgung aller geimpften Menschen weltweit, die mit dem &#8220;Internet der Dinge&#8221; durch eine Quantenverbindung von pulsierenden Mikrowellenfrequenzen von 2,4 gHz oder h\u00f6her von Mobilfunkt\u00fcrmen und Satelliten direkt mit dem Graphenoxid im Fettgewebe aller Personen, die die Todesspritze bekommen haben, verbunden sind oder sein werden.&nbsp;<br><\/figcaption><\/figure>\n\n\n\n<hr class=\"wp-block-separator\"\/>\n\n\n\n<figure class=\"wp-block-image size-large\"><img loading=\"lazy\" decoding=\"async\" width=\"1024\" height=\"554\" src=\"https:\/\/laszlo1713.lima-city.de\/wp-content\/uploads\/2022\/01\/Screenshot-2022-01-11-at-12.47.31-1024x554.jpg\" alt=\"\" class=\"wp-image-5796\" srcset=\"https:\/\/laszlo1713.lima-city.de\/wp-content\/uploads\/2022\/01\/Screenshot-2022-01-11-at-12.47.31-1024x554.jpg 1024w, https:\/\/laszlo1713.lima-city.de\/wp-content\/uploads\/2022\/01\/Screenshot-2022-01-11-at-12.47.31-300x162.jpg 300w, https:\/\/laszlo1713.lima-city.de\/wp-content\/uploads\/2022\/01\/Screenshot-2022-01-11-at-12.47.31-768x415.jpg 768w, https:\/\/laszlo1713.lima-city.de\/wp-content\/uploads\/2022\/01\/Screenshot-2022-01-11-at-12.47.31-1536x831.jpg 1536w, https:\/\/laszlo1713.lima-city.de\/wp-content\/uploads\/2022\/01\/Screenshot-2022-01-11-at-12.47.31.jpg 1668w\" sizes=\"auto, (max-width: 706px) 89vw, (max-width: 767px) 82vw, 740px\" \/><\/figure>\n\n\n\n<hr class=\"wp-block-separator\"\/>\n\n\n\n<figure class=\"wp-block-image size-full\"><img loading=\"lazy\" decoding=\"async\" width=\"780\" height=\"758\" src=\"https:\/\/laszlo1713.lima-city.de\/wp-content\/uploads\/2022\/01\/Screenshot-2022-01-11-at-14.21.52.jpg\" alt=\"\" class=\"wp-image-5798\" srcset=\"https:\/\/laszlo1713.lima-city.de\/wp-content\/uploads\/2022\/01\/Screenshot-2022-01-11-at-14.21.52.jpg 780w, https:\/\/laszlo1713.lima-city.de\/wp-content\/uploads\/2022\/01\/Screenshot-2022-01-11-at-14.21.52-300x292.jpg 300w, https:\/\/laszlo1713.lima-city.de\/wp-content\/uploads\/2022\/01\/Screenshot-2022-01-11-at-14.21.52-768x746.jpg 768w\" sizes=\"auto, (max-width: 706px) 89vw, (max-width: 767px) 82vw, 740px\" \/><figcaption>Man muss sich nur mal die Geb\u00e4ude in Astana\/Kasachstan anschauen. Das sagt schon alles.<br>Welches andere Wort verbirgt sich in <strong>ASTANA<\/strong>?<br><strong>SATAN<\/strong>(A)!<br><\/figcaption><\/figure>\n\n\n\n<hr class=\"wp-block-separator\"\/>\n\n\n\n<figure class=\"wp-block-image size-full\"><img loading=\"lazy\" decoding=\"async\" width=\"654\" height=\"588\" src=\"https:\/\/laszlo1713.lima-city.de\/wp-content\/uploads\/2022\/01\/Screenshot-2022-01-11-at-20.24.20.jpg\" alt=\"\" class=\"wp-image-5801\" srcset=\"https:\/\/laszlo1713.lima-city.de\/wp-content\/uploads\/2022\/01\/Screenshot-2022-01-11-at-20.24.20.jpg 654w, https:\/\/laszlo1713.lima-city.de\/wp-content\/uploads\/2022\/01\/Screenshot-2022-01-11-at-20.24.20-300x270.jpg 300w\" sizes=\"auto, (max-width: 654px) 100vw, 654px\" \/><figcaption><span class=\"has-inline-color has-vivid-green-cyan-color\">Dr. Fauci &#8220;cirkusz produkci\u00f3&#8221;<\/span><\/figcaption><\/figure>\n\n\n\n<figure class=\"wp-block-image size-large\"><img loading=\"lazy\" decoding=\"async\" width=\"729\" height=\"1024\" src=\"https:\/\/laszlo1713.lima-city.de\/wp-content\/uploads\/2022\/01\/IMAGE-2022-01-11-202253-729x1024.jpg\" alt=\"\" class=\"wp-image-5803\" srcset=\"https:\/\/laszlo1713.lima-city.de\/wp-content\/uploads\/2022\/01\/IMAGE-2022-01-11-202253-729x1024.jpg 729w, https:\/\/laszlo1713.lima-city.de\/wp-content\/uploads\/2022\/01\/IMAGE-2022-01-11-202253-214x300.jpg 214w, https:\/\/laszlo1713.lima-city.de\/wp-content\/uploads\/2022\/01\/IMAGE-2022-01-11-202253-768x1079.jpg 768w, https:\/\/laszlo1713.lima-city.de\/wp-content\/uploads\/2022\/01\/IMAGE-2022-01-11-202253.jpg 911w\" sizes=\"auto, (max-width: 729px) 100vw, 729px\" \/><\/figure>\n\n\n\n<hr class=\"wp-block-separator\"\/>\n\n\n\n<figure class=\"wp-block-image size-large\"><img loading=\"lazy\" decoding=\"async\" width=\"1024\" height=\"610\" src=\"https:\/\/laszlo1713.lima-city.de\/wp-content\/uploads\/2022\/01\/Screenshot-2022-01-11-at-20.31.16-1024x610.jpg\" alt=\"\" class=\"wp-image-5804\" srcset=\"https:\/\/laszlo1713.lima-city.de\/wp-content\/uploads\/2022\/01\/Screenshot-2022-01-11-at-20.31.16-1024x610.jpg 1024w, https:\/\/laszlo1713.lima-city.de\/wp-content\/uploads\/2022\/01\/Screenshot-2022-01-11-at-20.31.16-300x179.jpg 300w, https:\/\/laszlo1713.lima-city.de\/wp-content\/uploads\/2022\/01\/Screenshot-2022-01-11-at-20.31.16-768x457.jpg 768w, https:\/\/laszlo1713.lima-city.de\/wp-content\/uploads\/2022\/01\/Screenshot-2022-01-11-at-20.31.16-1536x915.jpg 1536w, https:\/\/laszlo1713.lima-city.de\/wp-content\/uploads\/2022\/01\/Screenshot-2022-01-11-at-20.31.16-2048x1220.jpg 2048w\" sizes=\"auto, (max-width: 706px) 89vw, (max-width: 767px) 82vw, 740px\" \/><figcaption><span class=\"has-inline-color has-vivid-green-cyan-color\">A &#8220;kisrak\u00e1s&#8221; N\u00e9metorsz\u00e1gban: amikor a &#8220;kutyaszar&#8221; hirtelen ugatni kezd. Kretschmer, Montgomery stb.<\/span><\/figcaption><\/figure>\n\n\n\n<hr class=\"wp-block-separator\"\/>\n\n\n\n<figure class=\"wp-block-image size-full\"><img loading=\"lazy\" decoding=\"async\" width=\"800\" height=\"516\" src=\"https:\/\/laszlo1713.lima-city.de\/wp-content\/uploads\/2022\/01\/IMAGE-2022-01-11-202306.jpg\" alt=\"\" class=\"wp-image-5805\" srcset=\"https:\/\/laszlo1713.lima-city.de\/wp-content\/uploads\/2022\/01\/IMAGE-2022-01-11-202306.jpg 800w, https:\/\/laszlo1713.lima-city.de\/wp-content\/uploads\/2022\/01\/IMAGE-2022-01-11-202306-300x194.jpg 300w, https:\/\/laszlo1713.lima-city.de\/wp-content\/uploads\/2022\/01\/IMAGE-2022-01-11-202306-768x495.jpg 768w\" sizes=\"auto, (max-width: 706px) 89vw, (max-width: 767px) 82vw, 740px\" \/><figcaption><span class=\"has-inline-color has-vivid-green-cyan-color\">Az &#8220;\u00faj ruha&#8221; var\u00e1zsa.<\/span> <\/figcaption><\/figure>\n\n\n\n<hr class=\"wp-block-separator\"\/>\n\n\n\n<hr class=\"wp-block-separator\"\/>\n\n\n\n<hr class=\"wp-block-separator\"\/>\n\n\n\n<p><\/p>\n","protected":false},"excerpt":{"rendered":"<p>&#8220;Narancs&#8221;-szimbolika Konnot\u00e1ci\u00f3k: Stanley Kubrick? A Clockwork Orange? Ukrajna? az \u00fan. narancs-forradalom? (Orange Revolution) vagy ak\u00e1r GITMO? vagy m\u00e9g mi minden? &#8230; Egy (nagyon is) k\u00fcl\u00f6n\u00f6s Pfizer-szabadalom (bejegyezve: 2021. augusztus 31.)<\/p>\n","protected":false},"author":1,"featured_media":0,"parent":0,"menu_order":0,"comment_status":"closed","ping_status":"closed","template":"","meta":{"footnotes":""},"class_list":["post-5730","page","type-page","status-publish","hentry"],"_links":{"self":[{"href":"https:\/\/laszlo1713.lima-city.de\/index.php\/wp-json\/wp\/v2\/pages\/5730","targetHints":{"allow":["GET"]}}],"collection":[{"href":"https:\/\/laszlo1713.lima-city.de\/index.php\/wp-json\/wp\/v2\/pages"}],"about":[{"href":"https:\/\/laszlo1713.lima-city.de\/index.php\/wp-json\/wp\/v2\/types\/page"}],"author":[{"embeddable":true,"href":"https:\/\/laszlo1713.lima-city.de\/index.php\/wp-json\/wp\/v2\/users\/1"}],"replies":[{"embeddable":true,"href":"https:\/\/laszlo1713.lima-city.de\/index.php\/wp-json\/wp\/v2\/comments?post=5730"}],"version-history":[{"count":23,"href":"https:\/\/laszlo1713.lima-city.de\/index.php\/wp-json\/wp\/v2\/pages\/5730\/revisions"}],"predecessor-version":[{"id":5815,"href":"https:\/\/laszlo1713.lima-city.de\/index.php\/wp-json\/wp\/v2\/pages\/5730\/revisions\/5815"}],"wp:attachment":[{"href":"https:\/\/laszlo1713.lima-city.de\/index.php\/wp-json\/wp\/v2\/media?parent=5730"}],"curies":[{"name":"wp","href":"https:\/\/api.w.org\/{rel}","templated":true}]}}