{"id":224,"date":"2019-09-05T14:56:46","date_gmt":"2019-09-05T12:56:46","guid":{"rendered":"https:\/\/laszlo1713.lima-city.de\/?page_id=224"},"modified":"2019-09-05T20:57:13","modified_gmt":"2019-09-05T18:57:13","slug":"egyeb","status":"publish","type":"page","link":"https:\/\/laszlo1713.lima-city.de\/index.php\/egyeb\/","title":{"rendered":"Egy\u00e9b"},"content":{"rendered":"\n<div class=\"wp-block-file\"><a href=\"https:\/\/laszlo1713.lima-city.de\/wp-content\/uploads\/2019\/09\/\u00d3nodi-Das-Breslauer-Arzneibuch.pdf\">\u00d3nodi Das Breslauer Arzneibuch<\/a><a href=\"https:\/\/laszlo1713.lima-city.de\/wp-content\/uploads\/2019\/09\/\u00d3nodi-Das-Breslauer-Arzneibuch.pdf\" class=\"wp-block-file__button\" download>Download<\/a><\/div>\n\n\n\n<div class=\"wp-block-file\"><a href=\"https:\/\/laszlo1713.lima-city.de\/wp-content\/uploads\/2019\/09\/\u00d3nodi-C.F.-Meyer-Eingelegte-Ruder.pdf\">\u00d3nodi C.F. Meyer Eingelegte Ruder<\/a><a href=\"https:\/\/laszlo1713.lima-city.de\/wp-content\/uploads\/2019\/09\/\u00d3nodi-C.F.-Meyer-Eingelegte-Ruder.pdf\" class=\"wp-block-file__button\" download>Download<\/a><\/div>\n\n\n\n<div class=\"wp-block-file\"><a href=\"https:\/\/laszlo1713.lima-city.de\/wp-content\/uploads\/2019\/09\/\u00d3nodi-Mad\u00e1ch-Az-ember-trag\u00e9di\u00e1ja.pdf\">\u00d3nodi Mad\u00e1ch Az ember trag\u00e9di\u00e1ja<\/a><a href=\"https:\/\/laszlo1713.lima-city.de\/wp-content\/uploads\/2019\/09\/\u00d3nodi-Mad\u00e1ch-Az-ember-trag\u00e9di\u00e1ja.pdf\" class=\"wp-block-file__button\" download>Download<\/a><\/div>\n\n\n\n<div class=\"wp-block-file\"><a href=\"https:\/\/laszlo1713.lima-city.de\/wp-content\/uploads\/2019\/09\/\u00d3nodi-L\u00e1szl\u00f3-N\u00e9h\u00e1ny-\u00e9szrev\u00e9tel-egy-\u00f6sszehasonl\u00edt\u00f3-stilisztikai-elemz\u00e9shez.pdf\">\u00d3nodi L\u00e1szl\u00f3 N\u00e9h\u00e1ny \u00e9szrev\u00e9tel egy \u00f6sszehasonl\u00edt\u00f3 stilisztikai elemz\u00e9shez<\/a><a href=\"https:\/\/laszlo1713.lima-city.de\/wp-content\/uploads\/2019\/09\/\u00d3nodi-L\u00e1szl\u00f3-N\u00e9h\u00e1ny-\u00e9szrev\u00e9tel-egy-\u00f6sszehasonl\u00edt\u00f3-stilisztikai-elemz\u00e9shez.pdf\" class=\"wp-block-file__button\" download>Download<\/a><\/div>\n\n\n\n<div class=\"wp-block-file\"><a href=\"https:\/\/laszlo1713.lima-city.de\/wp-content\/uploads\/2019\/09\/Stageplay.pdf\">Stageplay<\/a><a href=\"https:\/\/laszlo1713.lima-city.de\/wp-content\/uploads\/2019\/09\/Stageplay.pdf\" class=\"wp-block-file__button\" download>Download<\/a><\/div>\n\n\n\n<div class=\"wp-block-file\"><a href=\"https:\/\/laszlo1713.lima-city.de\/wp-content\/uploads\/2019\/09\/Vari\u00e1ci\u00f3k-egy-krimi\u00e9rt.pdf\">Vari\u00e1ci\u00f3k egy krimi\u00e9rt<\/a><a href=\"https:\/\/laszlo1713.lima-city.de\/wp-content\/uploads\/2019\/09\/Vari\u00e1ci\u00f3k-egy-krimi\u00e9rt.pdf\" class=\"wp-block-file__button\" download>Download<\/a><\/div>\n\n\n\n<div class=\"wp-block-file\"><a href=\"https:\/\/laszlo1713.lima-city.de\/wp-content\/uploads\/2019\/09\/\u00d3nodi-N\u00e9meth-L\u00e1szl\u00f3-Gy\u00e1sz.pdf\">\u00d3nodi N\u00e9meth L\u00e1szl\u00f3 Gy\u00e1sz<\/a><a href=\"https:\/\/laszlo1713.lima-city.de\/wp-content\/uploads\/2019\/09\/\u00d3nodi-N\u00e9meth-L\u00e1szl\u00f3-Gy\u00e1sz.pdf\" class=\"wp-block-file__button\" download>Download<\/a><\/div>\n\n\n\n<div class=\"wp-block-file\"><a href=\"https:\/\/laszlo1713.lima-city.de\/wp-content\/uploads\/2019\/09\/Parodie-Universit\u00e4t.pdf\">Parodie Universit\u00e4t<\/a><a href=\"https:\/\/laszlo1713.lima-city.de\/wp-content\/uploads\/2019\/09\/Parodie-Universit\u00e4t.pdf\" class=\"wp-block-file__button\" download>Download<\/a><\/div>\n\n\n\n<p><\/p>\n","protected":false},"excerpt":{"rendered":"","protected":false},"author":1,"featured_media":0,"parent":0,"menu_order":0,"comment_status":"closed","ping_status":"closed","template":"","meta":{"footnotes":""},"class_list":["post-224","page","type-page","status-publish","hentry"],"_links":{"self":[{"href":"https:\/\/laszlo1713.lima-city.de\/index.php\/wp-json\/wp\/v2\/pages\/224","targetHints":{"allow":["GET"]}}],"collection":[{"href":"https:\/\/laszlo1713.lima-city.de\/index.php\/wp-json\/wp\/v2\/pages"}],"about":[{"href":"https:\/\/laszlo1713.lima-city.de\/index.php\/wp-json\/wp\/v2\/types\/page"}],"author":[{"embeddable":true,"href":"https:\/\/laszlo1713.lima-city.de\/index.php\/wp-json\/wp\/v2\/users\/1"}],"replies":[{"embeddable":true,"href":"https:\/\/laszlo1713.lima-city.de\/index.php\/wp-json\/wp\/v2\/comments?post=224"}],"version-history":[{"count":3,"href":"https:\/\/laszlo1713.lima-city.de\/index.php\/wp-json\/wp\/v2\/pages\/224\/revisions"}],"predecessor-version":[{"id":240,"href":"https:\/\/laszlo1713.lima-city.de\/index.php\/wp-json\/wp\/v2\/pages\/224\/revisions\/240"}],"wp:attachment":[{"href":"https:\/\/laszlo1713.lima-city.de\/index.php\/wp-json\/wp\/v2\/media?parent=224"}],"curies":[{"name":"wp","href":"https:\/\/api.w.org\/{rel}","templated":true}]}}