{"id":18,"date":"2019-03-24T16:58:00","date_gmt":"2019-03-24T16:58:00","guid":{"rendered":"http:\/\/192.168.2.117\/wordpress\/?page_id=18"},"modified":"2019-03-26T14:02:59","modified_gmt":"2019-03-26T13:02:59","slug":"kezdolap","status":"publish","type":"page","link":"https:\/\/laszlo1713.lima-city.de\/index.php\/kezdolap\/","title":{"rendered":"Kezd\u0151lap"},"content":{"rendered":"<p>\u00dcdv\u00f6z\u00f6llek a honlapon!<\/p>\n\n\n<figure class=\"wp-block-image\"><img decoding=\"async\" src=\"https:\/\/laszlo1713.lima-city.de\/wp-content\/uploads\/2019\/03\/DSC03902-1-1024x576.jpg\" alt=\"\" class=\"wp-image-69\"\/><\/figure>\n","protected":false},"excerpt":{"rendered":"<p>\u00dcdv\u00f6z\u00f6llek a honlapon!<\/p>\n","protected":false},"author":1,"featured_media":0,"parent":0,"menu_order":0,"comment_status":"closed","ping_status":"closed","template":"","meta":{"footnotes":""},"class_list":["post-18","page","type-page","status-publish","hentry"],"_links":{"self":[{"href":"https:\/\/laszlo1713.lima-city.de\/index.php\/wp-json\/wp\/v2\/pages\/18","targetHints":{"allow":["GET"]}}],"collection":[{"href":"https:\/\/laszlo1713.lima-city.de\/index.php\/wp-json\/wp\/v2\/pages"}],"about":[{"href":"https:\/\/laszlo1713.lima-city.de\/index.php\/wp-json\/wp\/v2\/types\/page"}],"author":[{"embeddable":true,"href":"https:\/\/laszlo1713.lima-city.de\/index.php\/wp-json\/wp\/v2\/users\/1"}],"replies":[{"embeddable":true,"href":"https:\/\/laszlo1713.lima-city.de\/index.php\/wp-json\/wp\/v2\/comments?post=18"}],"version-history":[{"count":1,"href":"https:\/\/laszlo1713.lima-city.de\/index.php\/wp-json\/wp\/v2\/pages\/18\/revisions"}],"predecessor-version":[{"id":75,"href":"https:\/\/laszlo1713.lima-city.de\/index.php\/wp-json\/wp\/v2\/pages\/18\/revisions\/75"}],"wp:attachment":[{"href":"https:\/\/laszlo1713.lima-city.de\/index.php\/wp-json\/wp\/v2\/media?parent=18"}],"curies":[{"name":"wp","href":"https:\/\/api.w.org\/{rel}","templated":true}]}}