{"id":12770,"date":"2026-05-02T14:40:59","date_gmt":"2026-05-02T12:40:59","guid":{"rendered":"https:\/\/laszlo1713.lima-city.de\/?page_id=12770"},"modified":"2026-05-03T07:58:46","modified_gmt":"2026-05-03T05:58:46","slug":"level-suket-fuleknek-2018","status":"publish","type":"page","link":"https:\/\/laszlo1713.lima-city.de\/index.php\/level-suket-fuleknek-2018\/","title":{"rendered":"Lev\u00e9l s\u00fcket f\u00fcleknek"},"content":{"rendered":"\n<p>Alaposan t\u00e9vedtem abban,  hogy  \u00e9rdekelheti (\u00e9rdekelhetn\u00e9)  a katolikus egyh\u00e1z vezet\u0151it, hogy mif\u00e9le badars\u00e1gokat (szem\u00e9rmetlen cs\u00fasztat\u00e1sokat) tartalmaz a magyar irodalom tank\u00f6nyv  pl. a hitt\u00e9teleket illet\u0151en (is) . S\u0151t, felt\u00e9telezem, egyet is \u00e9rtenek mindezzel. <\/p>\n\n\n\n<p><\/p>\n","protected":false},"excerpt":{"rendered":"<p>Alaposan t\u00e9vedtem abban, hogy \u00e9rdekelheti (\u00e9rdekelhetn\u00e9) a katolikus egyh\u00e1z vezet\u0151it, hogy mif\u00e9le badars\u00e1gokat (szem\u00e9rmetlen cs\u00fasztat\u00e1sokat) tartalmaz a magyar irodalom tank\u00f6nyv pl. a hitt\u00e9teleket illet\u0151en (is) . S\u0151t, felt\u00e9telezem, egyet is \u00e9rtenek mindezzel.<\/p>\n","protected":false},"author":1,"featured_media":0,"parent":0,"menu_order":0,"comment_status":"closed","ping_status":"closed","template":"","meta":{"footnotes":""},"class_list":["post-12770","page","type-page","status-publish","hentry"],"_links":{"self":[{"href":"https:\/\/laszlo1713.lima-city.de\/index.php\/wp-json\/wp\/v2\/pages\/12770","targetHints":{"allow":["GET"]}}],"collection":[{"href":"https:\/\/laszlo1713.lima-city.de\/index.php\/wp-json\/wp\/v2\/pages"}],"about":[{"href":"https:\/\/laszlo1713.lima-city.de\/index.php\/wp-json\/wp\/v2\/types\/page"}],"author":[{"embeddable":true,"href":"https:\/\/laszlo1713.lima-city.de\/index.php\/wp-json\/wp\/v2\/users\/1"}],"replies":[{"embeddable":true,"href":"https:\/\/laszlo1713.lima-city.de\/index.php\/wp-json\/wp\/v2\/comments?post=12770"}],"version-history":[{"count":2,"href":"https:\/\/laszlo1713.lima-city.de\/index.php\/wp-json\/wp\/v2\/pages\/12770\/revisions"}],"predecessor-version":[{"id":12886,"href":"https:\/\/laszlo1713.lima-city.de\/index.php\/wp-json\/wp\/v2\/pages\/12770\/revisions\/12886"}],"wp:attachment":[{"href":"https:\/\/laszlo1713.lima-city.de\/index.php\/wp-json\/wp\/v2\/media?parent=12770"}],"curies":[{"name":"wp","href":"https:\/\/api.w.org\/{rel}","templated":true}]}}